{"id":393,"date":"2023-04-14T10:27:59","date_gmt":"2023-04-14T08:27:59","guid":{"rendered":"https:\/\/inter-group.eu\/?page_id=393"},"modified":"2023-04-14T13:28:17","modified_gmt":"2023-04-14T11:28:17","slug":"bezpieczny-pakiet","status":"publish","type":"page","link":"https:\/\/inter-group.eu\/cz\/bezpieczny-pakiet\/","title":{"rendered":"Bezpe\u010dn\u00fd bal\u00ed\u010dek"},"content":{"rendered":"<p>Piln\u00edky Aba Group balen\u00e9 v 'Bezpe\u010dn\u00e9m bal\u00ed\u010dku' zaji\u0161\u0165uj\u00ed, \u017ee b\u011bhem stylingu byly dodr\u017eeny nejvy\u0161\u0161\u00ed standardy bezpe\u010dnosti a hygieny, a \u017ee piln\u00edk nebyl p\u0159edt\u00edm pou\u017eit. D\u00edky kampani, kter\u00e1 podporuje toto \u0159e\u0161en\u00ed, si uv\u011bdomujeme jak manik\u00e9rky, tak jejich klientky, \u017ee piln\u00edk je jednor\u00e1zov\u00fd n\u00e1stroj. Jako prvn\u00ed na trhu jsme uvedli piln\u00edk balen\u00fd v f\u00f3lii, kter\u00fd je velmi obl\u00edben\u00fd d\u00edky zv\u00fd\u0161en\u00ed bezpe\u010dnosti v kosmetick\u00fdch salonech.<\/p>\n<h6>\u2022 bezpe\u010dn\u00fd bal\u00ed\u010dek \u2022 bezpe\u010dn\u00e1 ordinace \u2022 bezpe\u010dn\u00fd klient \u2022 neriskujeme \u2022 steriln\u00ed piln\u00edk \u2022 nulov\u00e9 riziko \u2022 c\u00edt\u00edte se bezpe\u010dn\u011b<\/h6>\n<p>&nbsp;<\/p>\n<p><img loading=\"lazy\" decoding=\"async\" class=\"alignnone size-full wp-image-443\" src=\"https:\/\/inter-group.eu\/wp-content\/uploads\/2023\/05\/00.jpg\" alt=\"\" width=\"1920\" height=\"1080\" srcset=\"https:\/\/inter-group.eu\/wp-content\/uploads\/2023\/05\/00.jpg 1920w, https:\/\/inter-group.eu\/wp-content\/uploads\/2023\/05\/00-300x169.jpg 300w, https:\/\/inter-group.eu\/wp-content\/uploads\/2023\/05\/00-1024x576.jpg 1024w, https:\/\/inter-group.eu\/wp-content\/uploads\/2023\/05\/00-768x432.jpg 768w, https:\/\/inter-group.eu\/wp-content\/uploads\/2023\/05\/00-1536x864.jpg 1536w, https:\/\/inter-group.eu\/wp-content\/uploads\/2023\/05\/00-18x10.jpg 18w\" sizes=\"auto, (max-width: 1920px) 100vw, 1920px\" \/><\/p>\n<p>&nbsp;<\/p>\n<p><img loading=\"lazy\" decoding=\"async\" class=\"alignnone size-full wp-image-394\" src=\"https:\/\/inter-group.eu\/wp-content\/uploads\/2023\/05\/01.jpg\" alt=\"\" width=\"1920\" height=\"1080\" srcset=\"https:\/\/inter-group.eu\/wp-content\/uploads\/2023\/05\/01.jpg 1920w, https:\/\/inter-group.eu\/wp-content\/uploads\/2023\/05\/01-300x169.jpg 300w, https:\/\/inter-group.eu\/wp-content\/uploads\/2023\/05\/01-1024x576.jpg 1024w, https:\/\/inter-group.eu\/wp-content\/uploads\/2023\/05\/01-768x432.jpg 768w, https:\/\/inter-group.eu\/wp-content\/uploads\/2023\/05\/01-1536x864.jpg 1536w, https:\/\/inter-group.eu\/wp-content\/uploads\/2023\/05\/01-18x10.jpg 18w\" sizes=\"auto, (max-width: 1920px) 100vw, 1920px\" \/><\/p>\n<p><a href=\"https:\/\/e-abagroup.com\/wp-content\/uploads\/2022\/07\/220516-MB-INTER-1.1-polski-ost..pdf\"><img loading=\"lazy\" decoding=\"async\" class=\"alignnone size-full wp-image-395\" src=\"https:\/\/inter-group.eu\/wp-content\/uploads\/2023\/05\/02.jpg\" alt=\"\" width=\"1920\" height=\"1080\" srcset=\"https:\/\/inter-group.eu\/wp-content\/uploads\/2023\/05\/02.jpg 1920w, https:\/\/inter-group.eu\/wp-content\/uploads\/2023\/05\/02-300x169.jpg 300w, https:\/\/inter-group.eu\/wp-content\/uploads\/2023\/05\/02-1024x576.jpg 1024w, https:\/\/inter-group.eu\/wp-content\/uploads\/2023\/05\/02-768x432.jpg 768w, https:\/\/inter-group.eu\/wp-content\/uploads\/2023\/05\/02-1536x864.jpg 1536w, https:\/\/inter-group.eu\/wp-content\/uploads\/2023\/05\/02-18x10.jpg 18w\" sizes=\"auto, (max-width: 1920px) 100vw, 1920px\" \/><\/a><\/p>\n<p><img loading=\"lazy\" decoding=\"async\" class=\"alignnone size-full wp-image-399\" src=\"https:\/\/inter-group.eu\/wp-content\/uploads\/2023\/05\/03.jpg\" alt=\"\" width=\"1920\" height=\"1080\" srcset=\"https:\/\/inter-group.eu\/wp-content\/uploads\/2023\/05\/03.jpg 1920w, https:\/\/inter-group.eu\/wp-content\/uploads\/2023\/05\/03-300x169.jpg 300w, https:\/\/inter-group.eu\/wp-content\/uploads\/2023\/05\/03-1024x576.jpg 1024w, https:\/\/inter-group.eu\/wp-content\/uploads\/2023\/05\/03-768x432.jpg 768w, https:\/\/inter-group.eu\/wp-content\/uploads\/2023\/05\/03-1536x864.jpg 1536w, https:\/\/inter-group.eu\/wp-content\/uploads\/2023\/05\/03-18x10.jpg 18w\" sizes=\"auto, (max-width: 1920px) 100vw, 1920px\" \/><\/p>\n<p><img loading=\"lazy\" decoding=\"async\" class=\"alignnone size-full wp-image-400\" src=\"https:\/\/inter-group.eu\/wp-content\/uploads\/2023\/05\/04.jpg\" alt=\"\" width=\"1920\" height=\"1080\" srcset=\"https:\/\/inter-group.eu\/wp-content\/uploads\/2023\/05\/04.jpg 1920w, https:\/\/inter-group.eu\/wp-content\/uploads\/2023\/05\/04-300x169.jpg 300w, https:\/\/inter-group.eu\/wp-content\/uploads\/2023\/05\/04-1024x576.jpg 1024w, https:\/\/inter-group.eu\/wp-content\/uploads\/2023\/05\/04-768x432.jpg 768w, https:\/\/inter-group.eu\/wp-content\/uploads\/2023\/05\/04-1536x864.jpg 1536w, https:\/\/inter-group.eu\/wp-content\/uploads\/2023\/05\/04-18x10.jpg 18w\" sizes=\"auto, (max-width: 1920px) 100vw, 1920px\" \/><\/p>\n<p><img loading=\"lazy\" decoding=\"async\" class=\"alignnone size-full wp-image-401\" src=\"https:\/\/inter-group.eu\/wp-content\/uploads\/2023\/05\/05.jpg\" alt=\"\" width=\"1920\" height=\"1080\" srcset=\"https:\/\/inter-group.eu\/wp-content\/uploads\/2023\/05\/05.jpg 1920w, https:\/\/inter-group.eu\/wp-content\/uploads\/2023\/05\/05-300x169.jpg 300w, https:\/\/inter-group.eu\/wp-content\/uploads\/2023\/05\/05-1024x576.jpg 1024w, https:\/\/inter-group.eu\/wp-content\/uploads\/2023\/05\/05-768x432.jpg 768w, https:\/\/inter-group.eu\/wp-content\/uploads\/2023\/05\/05-1536x864.jpg 1536w, https:\/\/inter-group.eu\/wp-content\/uploads\/2023\/05\/05-18x10.jpg 18w\" sizes=\"auto, (max-width: 1920px) 100vw, 1920px\" \/><\/p>\n<p><img loading=\"lazy\" decoding=\"async\" class=\"alignnone size-full wp-image-402\" src=\"https:\/\/inter-group.eu\/wp-content\/uploads\/2023\/05\/06.jpg\" alt=\"\" width=\"1920\" height=\"1080\" srcset=\"https:\/\/inter-group.eu\/wp-content\/uploads\/2023\/05\/06.jpg 1920w, https:\/\/inter-group.eu\/wp-content\/uploads\/2023\/05\/06-300x169.jpg 300w, https:\/\/inter-group.eu\/wp-content\/uploads\/2023\/05\/06-1024x576.jpg 1024w, https:\/\/inter-group.eu\/wp-content\/uploads\/2023\/05\/06-768x432.jpg 768w, https:\/\/inter-group.eu\/wp-content\/uploads\/2023\/05\/06-1536x864.jpg 1536w, https:\/\/inter-group.eu\/wp-content\/uploads\/2023\/05\/06-18x10.jpg 18w\" sizes=\"auto, (max-width: 1920px) 100vw, 1920px\" \/><\/p>\n<p><img loading=\"lazy\" decoding=\"async\" class=\"alignnone size-full wp-image-420\" src=\"https:\/\/inter-group.eu\/wp-content\/uploads\/2023\/04\/I-use-nail-file-only-once.jpg\" alt=\"\" width=\"1920\" height=\"1080\" srcset=\"https:\/\/inter-group.eu\/wp-content\/uploads\/2023\/04\/I-use-nail-file-only-once.jpg 1920w, https:\/\/inter-group.eu\/wp-content\/uploads\/2023\/04\/I-use-nail-file-only-once-300x169.jpg 300w, https:\/\/inter-group.eu\/wp-content\/uploads\/2023\/04\/I-use-nail-file-only-once-1024x576.jpg 1024w, https:\/\/inter-group.eu\/wp-content\/uploads\/2023\/04\/I-use-nail-file-only-once-768x432.jpg 768w, https:\/\/inter-group.eu\/wp-content\/uploads\/2023\/04\/I-use-nail-file-only-once-1536x864.jpg 1536w, https:\/\/inter-group.eu\/wp-content\/uploads\/2023\/04\/I-use-nail-file-only-once-18x10.jpg 18w\" sizes=\"auto, (max-width: 1920px) 100vw, 1920px\" \/><\/p>","protected":false},"excerpt":{"rendered":"<p>Pilniki Aba Group pakowane w \u201eBezpieczny Pakiet\u201d to pewno\u015b\u0107, \u017ce podczas stylizacji zachowane zosta\u0142y najwy\u017csze standardy bezpiecze\u0144stwa i higieny, a pilnik nie zosta\u0142 wcze\u015bniej wykorzystany. Dzi\u0119ki kampani promuj\u0105cej takie rozwi\u0105zanie, u\u015bwiadamiamy zar\u00f3wno stylistki paznokci jak i ich klientki, \u017ce pilnik jest narz\u0119dziem jednorazowym. Jako pierwsi na rynku wprowadzili\u015bmy pilnik pakowany w folie, kt\u00f3ry cieszy si\u0119 [&hellip;]<\/p>","protected":false},"author":2,"featured_media":0,"parent":0,"menu_order":0,"comment_status":"closed","ping_status":"closed","template":"","meta":{"inline_featured_image":false,"footnotes":""},"class_list":["post-393","page","type-page","status-publish","hentry"],"acf":[],"yoast_head":"<!-- This site is optimized with the Yoast SEO plugin v23.9 - https:\/\/yoast.com\/wordpress\/plugins\/seo\/ -->\n<title>Bezpieczny Pakiet - Inter Group<\/title>\n<meta name=\"robots\" content=\"index, follow, max-snippet:-1, max-image-preview:large, max-video-preview:-1\" \/>\n<link rel=\"canonical\" href=\"https:\/\/inter-group.eu\/cz\/bezpieczny-pakiet\/\" \/>\n<meta property=\"og:locale\" content=\"cs_CZ\" \/>\n<meta property=\"og:type\" content=\"article\" \/>\n<meta property=\"og:title\" content=\"Bezpieczny Pakiet - Inter Group\" \/>\n<meta property=\"og:description\" content=\"Pilniki Aba Group pakowane w \u201eBezpieczny Pakiet\u201d to pewno\u015b\u0107, \u017ce podczas stylizacji zachowane zosta\u0142y najwy\u017csze standardy bezpiecze\u0144stwa i higieny, a pilnik nie zosta\u0142 wcze\u015bniej wykorzystany. Dzi\u0119ki kampani promuj\u0105cej takie rozwi\u0105zanie, u\u015bwiadamiamy zar\u00f3wno stylistki paznokci jak i ich klientki, \u017ce pilnik jest narz\u0119dziem jednorazowym. Jako pierwsi na rynku wprowadzili\u015bmy pilnik pakowany w folie, kt\u00f3ry cieszy si\u0119 [&hellip;]\" \/>\n<meta property=\"og:url\" content=\"https:\/\/inter-group.eu\/cz\/bezpieczny-pakiet\/\" \/>\n<meta property=\"og:site_name\" content=\"Inter Group\" \/>\n<meta property=\"article:modified_time\" content=\"2023-04-14T11:28:17+00:00\" \/>\n<meta property=\"og:image\" content=\"http:\/\/inter-group.eu\/wp-content\/uploads\/2023\/04\/BP.png\" \/>\n<meta name=\"twitter:card\" content=\"summary_large_image\" \/>\n<meta name=\"twitter:label1\" content=\"Odhadovan\u00e1 doba \u010dten\u00ed\" \/>\n\t<meta name=\"twitter:data1\" content=\"3 minuty\" \/>\n<script type=\"application\/ld+json\" class=\"yoast-schema-graph\">{\"@context\":\"https:\/\/schema.org\",\"@graph\":[{\"@type\":\"WebPage\",\"@id\":\"https:\/\/inter-group.eu\/bezpieczny-pakiet\/\",\"url\":\"https:\/\/inter-group.eu\/bezpieczny-pakiet\/\",\"name\":\"Bezpieczny Pakiet - Inter Group\",\"isPartOf\":{\"@id\":\"https:\/\/inter-group.eu\/#website\"},\"primaryImageOfPage\":{\"@id\":\"https:\/\/inter-group.eu\/bezpieczny-pakiet\/#primaryimage\"},\"image\":{\"@id\":\"https:\/\/inter-group.eu\/bezpieczny-pakiet\/#primaryimage\"},\"thumbnailUrl\":\"http:\/\/inter-group.eu\/wp-content\/uploads\/2023\/04\/BP.png\",\"datePublished\":\"2023-04-14T08:27:59+00:00\",\"dateModified\":\"2023-04-14T11:28:17+00:00\",\"breadcrumb\":{\"@id\":\"https:\/\/inter-group.eu\/bezpieczny-pakiet\/#breadcrumb\"},\"inLanguage\":\"cs\",\"potentialAction\":[{\"@type\":\"ReadAction\",\"target\":[\"https:\/\/inter-group.eu\/bezpieczny-pakiet\/\"]}]},{\"@type\":\"ImageObject\",\"inLanguage\":\"cs\",\"@id\":\"https:\/\/inter-group.eu\/bezpieczny-pakiet\/#primaryimage\",\"url\":\"http:\/\/inter-group.eu\/wp-content\/uploads\/2023\/04\/BP.png\",\"contentUrl\":\"http:\/\/inter-group.eu\/wp-content\/uploads\/2023\/04\/BP.png\"},{\"@type\":\"BreadcrumbList\",\"@id\":\"https:\/\/inter-group.eu\/bezpieczny-pakiet\/#breadcrumb\",\"itemListElement\":[{\"@type\":\"ListItem\",\"position\":1,\"name\":\"Strona g\u0142\u00f3wna\",\"item\":\"https:\/\/inter-group.eu\/\"},{\"@type\":\"ListItem\",\"position\":2,\"name\":\"Bezpieczny Pakiet\"}]},{\"@type\":\"WebSite\",\"@id\":\"https:\/\/inter-group.eu\/#website\",\"url\":\"https:\/\/inter-group.eu\/\",\"name\":\"Inter Group\",\"description\":\"\",\"potentialAction\":[{\"@type\":\"SearchAction\",\"target\":{\"@type\":\"EntryPoint\",\"urlTemplate\":\"https:\/\/inter-group.eu\/?s={search_term_string}\"},\"query-input\":{\"@type\":\"PropertyValueSpecification\",\"valueRequired\":true,\"valueName\":\"search_term_string\"}}],\"inLanguage\":\"cs\"}]}<\/script>\n<!-- \/ Yoast SEO plugin. -->","yoast_head_json":{"title":"Bezpieczny Pakiet - Inter Group","robots":{"index":"index","follow":"follow","max-snippet":"max-snippet:-1","max-image-preview":"max-image-preview:large","max-video-preview":"max-video-preview:-1"},"canonical":"https:\/\/inter-group.eu\/cz\/bezpieczny-pakiet\/","og_locale":"cs_CZ","og_type":"article","og_title":"Bezpieczny Pakiet - Inter Group","og_description":"Pilniki Aba Group pakowane w \u201eBezpieczny Pakiet\u201d to pewno\u015b\u0107, \u017ce podczas stylizacji zachowane zosta\u0142y najwy\u017csze standardy bezpiecze\u0144stwa i higieny, a pilnik nie zosta\u0142 wcze\u015bniej wykorzystany. Dzi\u0119ki kampani promuj\u0105cej takie rozwi\u0105zanie, u\u015bwiadamiamy zar\u00f3wno stylistki paznokci jak i ich klientki, \u017ce pilnik jest narz\u0119dziem jednorazowym. Jako pierwsi na rynku wprowadzili\u015bmy pilnik pakowany w folie, kt\u00f3ry cieszy si\u0119 [&hellip;]","og_url":"https:\/\/inter-group.eu\/cz\/bezpieczny-pakiet\/","og_site_name":"Inter Group","article_modified_time":"2023-04-14T11:28:17+00:00","og_image":[{"url":"http:\/\/inter-group.eu\/wp-content\/uploads\/2023\/04\/BP.png"}],"twitter_card":"summary_large_image","twitter_misc":{"Odhadovan\u00e1 doba \u010dten\u00ed":"3 minuty"},"schema":{"@context":"https:\/\/schema.org","@graph":[{"@type":"WebPage","@id":"https:\/\/inter-group.eu\/bezpieczny-pakiet\/","url":"https:\/\/inter-group.eu\/bezpieczny-pakiet\/","name":"Bezpieczny Pakiet - Inter Group","isPartOf":{"@id":"https:\/\/inter-group.eu\/#website"},"primaryImageOfPage":{"@id":"https:\/\/inter-group.eu\/bezpieczny-pakiet\/#primaryimage"},"image":{"@id":"https:\/\/inter-group.eu\/bezpieczny-pakiet\/#primaryimage"},"thumbnailUrl":"http:\/\/inter-group.eu\/wp-content\/uploads\/2023\/04\/BP.png","datePublished":"2023-04-14T08:27:59+00:00","dateModified":"2023-04-14T11:28:17+00:00","breadcrumb":{"@id":"https:\/\/inter-group.eu\/bezpieczny-pakiet\/#breadcrumb"},"inLanguage":"cs","potentialAction":[{"@type":"ReadAction","target":["https:\/\/inter-group.eu\/bezpieczny-pakiet\/"]}]},{"@type":"ImageObject","inLanguage":"cs","@id":"https:\/\/inter-group.eu\/bezpieczny-pakiet\/#primaryimage","url":"http:\/\/inter-group.eu\/wp-content\/uploads\/2023\/04\/BP.png","contentUrl":"http:\/\/inter-group.eu\/wp-content\/uploads\/2023\/04\/BP.png"},{"@type":"BreadcrumbList","@id":"https:\/\/inter-group.eu\/bezpieczny-pakiet\/#breadcrumb","itemListElement":[{"@type":"ListItem","position":1,"name":"Strona g\u0142\u00f3wna","item":"https:\/\/inter-group.eu\/"},{"@type":"ListItem","position":2,"name":"Bezpieczny Pakiet"}]},{"@type":"WebSite","@id":"https:\/\/inter-group.eu\/#website","url":"https:\/\/inter-group.eu\/","name":"Inter Group","description":"","potentialAction":[{"@type":"SearchAction","target":{"@type":"EntryPoint","urlTemplate":"https:\/\/inter-group.eu\/?s={search_term_string}"},"query-input":{"@type":"PropertyValueSpecification","valueRequired":true,"valueName":"search_term_string"}}],"inLanguage":"cs"}]}},"_links":{"self":[{"href":"https:\/\/inter-group.eu\/cz\/wp-json\/wp\/v2\/pages\/393","targetHints":{"allow":["GET"]}}],"collection":[{"href":"https:\/\/inter-group.eu\/cz\/wp-json\/wp\/v2\/pages"}],"about":[{"href":"https:\/\/inter-group.eu\/cz\/wp-json\/wp\/v2\/types\/page"}],"author":[{"embeddable":true,"href":"https:\/\/inter-group.eu\/cz\/wp-json\/wp\/v2\/users\/2"}],"replies":[{"embeddable":true,"href":"https:\/\/inter-group.eu\/cz\/wp-json\/wp\/v2\/comments?post=393"}],"version-history":[{"count":16,"href":"https:\/\/inter-group.eu\/cz\/wp-json\/wp\/v2\/pages\/393\/revisions"}],"predecessor-version":[{"id":444,"href":"https:\/\/inter-group.eu\/cz\/wp-json\/wp\/v2\/pages\/393\/revisions\/444"}],"wp:attachment":[{"href":"https:\/\/inter-group.eu\/cz\/wp-json\/wp\/v2\/media?parent=393"}],"curies":[{"name":"wp","href":"https:\/\/api.w.org\/{rel}","templated":true}]}}