{"id":393,"date":"2023-04-14T10:27:59","date_gmt":"2023-04-14T08:27:59","guid":{"rendered":"https:\/\/inter-group.eu\/?page_id=393"},"modified":"2023-04-14T13:28:17","modified_gmt":"2023-04-14T11:28:17","slug":"bezpieczny-pakiet","status":"publish","type":"page","link":"http:\/\/inter-group.eu\/en\/bezpieczny-pakiet\/","title":{"rendered":"Safe Package"},"content":{"rendered":"<p>Aba Group nail files packed in the \"Safe Pack\" guarantee that the highest standards of safety and hygiene have been maintained during the styling process, and the file has not been previously used. Through a campaign promoting this solution, we raise awareness among nail stylists and their clients that the file is a disposable tool. We were the first on the market to introduce a file packed in foil, which has gained tremendous interest due to increased safety in beauty salons.<\/p>\n<h6>\u2022 safe package \u2022 safe client \u2022 no risk \u2022 sterile nail file \u2022 feel safe<\/h6>\n<p>&nbsp;<\/p>\n<p><img loading=\"lazy\" decoding=\"async\" class=\"alignnone size-full wp-image-443\" src=\"http:\/\/inter-group.eu\/wp-content\/uploads\/2023\/05\/00.jpg\" alt=\"\" width=\"1920\" height=\"1080\" srcset=\"https:\/\/inter-group.eu\/wp-content\/uploads\/2023\/05\/00.jpg 1920w, https:\/\/inter-group.eu\/wp-content\/uploads\/2023\/05\/00-300x169.jpg 300w, https:\/\/inter-group.eu\/wp-content\/uploads\/2023\/05\/00-1024x576.jpg 1024w, https:\/\/inter-group.eu\/wp-content\/uploads\/2023\/05\/00-768x432.jpg 768w, https:\/\/inter-group.eu\/wp-content\/uploads\/2023\/05\/00-1536x864.jpg 1536w, https:\/\/inter-group.eu\/wp-content\/uploads\/2023\/05\/00-18x10.jpg 18w\" sizes=\"auto, (max-width: 1920px) 100vw, 1920px\" \/><\/p>\n<p>&nbsp;<\/p>\n<p><img loading=\"lazy\" decoding=\"async\" class=\"alignnone size-full wp-image-394\" src=\"http:\/\/inter-group.eu\/wp-content\/uploads\/2023\/05\/01.jpg\" alt=\"\" width=\"1920\" height=\"1080\" srcset=\"https:\/\/inter-group.eu\/wp-content\/uploads\/2023\/05\/01.jpg 1920w, https:\/\/inter-group.eu\/wp-content\/uploads\/2023\/05\/01-300x169.jpg 300w, https:\/\/inter-group.eu\/wp-content\/uploads\/2023\/05\/01-1024x576.jpg 1024w, https:\/\/inter-group.eu\/wp-content\/uploads\/2023\/05\/01-768x432.jpg 768w, https:\/\/inter-group.eu\/wp-content\/uploads\/2023\/05\/01-1536x864.jpg 1536w, https:\/\/inter-group.eu\/wp-content\/uploads\/2023\/05\/01-18x10.jpg 18w\" sizes=\"auto, (max-width: 1920px) 100vw, 1920px\" \/><\/p>\n<p><a href=\"https:\/\/e-abagroup.com\/wp-content\/uploads\/2022\/07\/220516-MB-INTER-1.1-polski-ost..pdf\"><img loading=\"lazy\" decoding=\"async\" class=\"alignnone size-full wp-image-395\" src=\"http:\/\/inter-group.eu\/wp-content\/uploads\/2023\/05\/02.jpg\" alt=\"\" width=\"1920\" height=\"1080\" srcset=\"https:\/\/inter-group.eu\/wp-content\/uploads\/2023\/05\/02.jpg 1920w, https:\/\/inter-group.eu\/wp-content\/uploads\/2023\/05\/02-300x169.jpg 300w, https:\/\/inter-group.eu\/wp-content\/uploads\/2023\/05\/02-1024x576.jpg 1024w, https:\/\/inter-group.eu\/wp-content\/uploads\/2023\/05\/02-768x432.jpg 768w, https:\/\/inter-group.eu\/wp-content\/uploads\/2023\/05\/02-1536x864.jpg 1536w, https:\/\/inter-group.eu\/wp-content\/uploads\/2023\/05\/02-18x10.jpg 18w\" sizes=\"auto, (max-width: 1920px) 100vw, 1920px\" \/><\/a><\/p>\n<p><img loading=\"lazy\" decoding=\"async\" class=\"alignnone size-full wp-image-399\" src=\"http:\/\/inter-group.eu\/wp-content\/uploads\/2023\/05\/03-1.jpg\" alt=\"\" width=\"1920\" height=\"1080\" srcset=\"https:\/\/inter-group.eu\/wp-content\/uploads\/2023\/05\/03-1.jpg 1920w, https:\/\/inter-group.eu\/wp-content\/uploads\/2023\/05\/03-1-300x169.jpg 300w, https:\/\/inter-group.eu\/wp-content\/uploads\/2023\/05\/03-1-1024x576.jpg 1024w, https:\/\/inter-group.eu\/wp-content\/uploads\/2023\/05\/03-1-768x432.jpg 768w, https:\/\/inter-group.eu\/wp-content\/uploads\/2023\/05\/03-1-1536x864.jpg 1536w, https:\/\/inter-group.eu\/wp-content\/uploads\/2023\/05\/03-1-18x10.jpg 18w\" sizes=\"auto, (max-width: 1920px) 100vw, 1920px\" \/><\/p>\n<p><img loading=\"lazy\" decoding=\"async\" class=\"alignnone size-full wp-image-400\" src=\"http:\/\/inter-group.eu\/wp-content\/uploads\/2023\/05\/04.jpg\" alt=\"\" width=\"1920\" height=\"1080\" srcset=\"https:\/\/inter-group.eu\/wp-content\/uploads\/2023\/05\/04.jpg 1920w, https:\/\/inter-group.eu\/wp-content\/uploads\/2023\/05\/04-300x169.jpg 300w, https:\/\/inter-group.eu\/wp-content\/uploads\/2023\/05\/04-1024x576.jpg 1024w, https:\/\/inter-group.eu\/wp-content\/uploads\/2023\/05\/04-768x432.jpg 768w, https:\/\/inter-group.eu\/wp-content\/uploads\/2023\/05\/04-1536x864.jpg 1536w, https:\/\/inter-group.eu\/wp-content\/uploads\/2023\/05\/04-18x10.jpg 18w\" sizes=\"auto, (max-width: 1920px) 100vw, 1920px\" \/><\/p>\n<p><img loading=\"lazy\" decoding=\"async\" class=\"alignnone size-full wp-image-401\" src=\"http:\/\/inter-group.eu\/wp-content\/uploads\/2023\/05\/05.jpg\" alt=\"\" width=\"1920\" height=\"1080\" srcset=\"https:\/\/inter-group.eu\/wp-content\/uploads\/2023\/05\/05.jpg 1920w, https:\/\/inter-group.eu\/wp-content\/uploads\/2023\/05\/05-300x169.jpg 300w, https:\/\/inter-group.eu\/wp-content\/uploads\/2023\/05\/05-1024x576.jpg 1024w, https:\/\/inter-group.eu\/wp-content\/uploads\/2023\/05\/05-768x432.jpg 768w, https:\/\/inter-group.eu\/wp-content\/uploads\/2023\/05\/05-1536x864.jpg 1536w, https:\/\/inter-group.eu\/wp-content\/uploads\/2023\/05\/05-18x10.jpg 18w\" sizes=\"auto, (max-width: 1920px) 100vw, 1920px\" \/><\/p>\n<p><img loading=\"lazy\" decoding=\"async\" class=\"alignnone size-full wp-image-402\" src=\"http:\/\/inter-group.eu\/wp-content\/uploads\/2023\/05\/06.jpg\" alt=\"\" width=\"1920\" height=\"1080\" srcset=\"https:\/\/inter-group.eu\/wp-content\/uploads\/2023\/05\/06.jpg 1920w, https:\/\/inter-group.eu\/wp-content\/uploads\/2023\/05\/06-300x169.jpg 300w, https:\/\/inter-group.eu\/wp-content\/uploads\/2023\/05\/06-1024x576.jpg 1024w, https:\/\/inter-group.eu\/wp-content\/uploads\/2023\/05\/06-768x432.jpg 768w, https:\/\/inter-group.eu\/wp-content\/uploads\/2023\/05\/06-1536x864.jpg 1536w, https:\/\/inter-group.eu\/wp-content\/uploads\/2023\/05\/06-18x10.jpg 18w\" sizes=\"auto, (max-width: 1920px) 100vw, 1920px\" \/><\/p>\n<p><img loading=\"lazy\" decoding=\"async\" class=\"alignnone size-full wp-image-420\" src=\"http:\/\/inter-group.eu\/wp-content\/uploads\/2023\/04\/I-use-nail-file-only-once.jpg\" alt=\"\" width=\"1920\" height=\"1080\" srcset=\"https:\/\/inter-group.eu\/wp-content\/uploads\/2023\/04\/I-use-nail-file-only-once.jpg 1920w, https:\/\/inter-group.eu\/wp-content\/uploads\/2023\/04\/I-use-nail-file-only-once-300x169.jpg 300w, https:\/\/inter-group.eu\/wp-content\/uploads\/2023\/04\/I-use-nail-file-only-once-1024x576.jpg 1024w, https:\/\/inter-group.eu\/wp-content\/uploads\/2023\/04\/I-use-nail-file-only-once-768x432.jpg 768w, https:\/\/inter-group.eu\/wp-content\/uploads\/2023\/04\/I-use-nail-file-only-once-1536x864.jpg 1536w, https:\/\/inter-group.eu\/wp-content\/uploads\/2023\/04\/I-use-nail-file-only-once-18x10.jpg 18w\" sizes=\"auto, (max-width: 1920px) 100vw, 1920px\" \/><\/p>","protected":false},"excerpt":{"rendered":"<p>Pilniki Aba Group pakowane w \u201eBezpieczny Pakiet\u201d to pewno\u015b\u0107, \u017ce podczas stylizacji zachowane zosta\u0142y najwy\u017csze standardy bezpiecze\u0144stwa i higieny, a pilnik nie zosta\u0142 wcze\u015bniej wykorzystany. Dzi\u0119ki kampani promuj\u0105cej takie rozwi\u0105zanie, u\u015bwiadamiamy zar\u00f3wno stylistki paznokci jak i ich klientki, \u017ce pilnik jest narz\u0119dziem jednorazowym. Jako pierwsi na rynku wprowadzili\u015bmy pilnik pakowany w folie, kt\u00f3ry cieszy si\u0119 [&hellip;]<\/p>","protected":false},"author":2,"featured_media":0,"parent":0,"menu_order":0,"comment_status":"closed","ping_status":"closed","template":"","meta":{"inline_featured_image":false,"footnotes":""},"class_list":["post-393","page","type-page","status-publish","hentry"],"acf":[],"yoast_head":"<!-- This site is optimized with the Yoast SEO plugin v23.9 - https:\/\/yoast.com\/wordpress\/plugins\/seo\/ -->\n<title>Bezpieczny Pakiet - Inter Group<\/title>\n<meta name=\"robots\" content=\"index, follow, max-snippet:-1, max-image-preview:large, max-video-preview:-1\" \/>\n<link rel=\"canonical\" href=\"https:\/\/inter-group.eu\/en\/bezpieczny-pakiet\/\" \/>\n<meta property=\"og:locale\" content=\"en_US\" \/>\n<meta property=\"og:type\" content=\"article\" \/>\n<meta property=\"og:title\" content=\"Bezpieczny Pakiet - Inter Group\" \/>\n<meta property=\"og:description\" content=\"Pilniki Aba Group pakowane w \u201eBezpieczny Pakiet\u201d to pewno\u015b\u0107, \u017ce podczas stylizacji zachowane zosta\u0142y najwy\u017csze standardy bezpiecze\u0144stwa i higieny, a pilnik nie zosta\u0142 wcze\u015bniej wykorzystany. Dzi\u0119ki kampani promuj\u0105cej takie rozwi\u0105zanie, u\u015bwiadamiamy zar\u00f3wno stylistki paznokci jak i ich klientki, \u017ce pilnik jest narz\u0119dziem jednorazowym. Jako pierwsi na rynku wprowadzili\u015bmy pilnik pakowany w folie, kt\u00f3ry cieszy si\u0119 [&hellip;]\" \/>\n<meta property=\"og:url\" content=\"https:\/\/inter-group.eu\/en\/bezpieczny-pakiet\/\" \/>\n<meta property=\"og:site_name\" content=\"Inter Group\" \/>\n<meta property=\"article:modified_time\" content=\"2023-04-14T11:28:17+00:00\" \/>\n<meta property=\"og:image\" content=\"http:\/\/inter-group.eu\/wp-content\/uploads\/2023\/04\/BP.png\" \/>\n<meta name=\"twitter:card\" content=\"summary_large_image\" \/>\n<meta name=\"twitter:label1\" content=\"Est. reading time\" \/>\n\t<meta name=\"twitter:data1\" content=\"3 minutes\" \/>\n<script type=\"application\/ld+json\" class=\"yoast-schema-graph\">{\"@context\":\"https:\/\/schema.org\",\"@graph\":[{\"@type\":\"WebPage\",\"@id\":\"https:\/\/inter-group.eu\/bezpieczny-pakiet\/\",\"url\":\"https:\/\/inter-group.eu\/bezpieczny-pakiet\/\",\"name\":\"Bezpieczny Pakiet - Inter Group\",\"isPartOf\":{\"@id\":\"https:\/\/inter-group.eu\/#website\"},\"primaryImageOfPage\":{\"@id\":\"https:\/\/inter-group.eu\/bezpieczny-pakiet\/#primaryimage\"},\"image\":{\"@id\":\"https:\/\/inter-group.eu\/bezpieczny-pakiet\/#primaryimage\"},\"thumbnailUrl\":\"http:\/\/inter-group.eu\/wp-content\/uploads\/2023\/04\/BP.png\",\"datePublished\":\"2023-04-14T08:27:59+00:00\",\"dateModified\":\"2023-04-14T11:28:17+00:00\",\"breadcrumb\":{\"@id\":\"https:\/\/inter-group.eu\/bezpieczny-pakiet\/#breadcrumb\"},\"inLanguage\":\"en-US\",\"potentialAction\":[{\"@type\":\"ReadAction\",\"target\":[\"https:\/\/inter-group.eu\/bezpieczny-pakiet\/\"]}]},{\"@type\":\"ImageObject\",\"inLanguage\":\"en-US\",\"@id\":\"https:\/\/inter-group.eu\/bezpieczny-pakiet\/#primaryimage\",\"url\":\"http:\/\/inter-group.eu\/wp-content\/uploads\/2023\/04\/BP.png\",\"contentUrl\":\"http:\/\/inter-group.eu\/wp-content\/uploads\/2023\/04\/BP.png\"},{\"@type\":\"BreadcrumbList\",\"@id\":\"https:\/\/inter-group.eu\/bezpieczny-pakiet\/#breadcrumb\",\"itemListElement\":[{\"@type\":\"ListItem\",\"position\":1,\"name\":\"Strona g\u0142\u00f3wna\",\"item\":\"https:\/\/inter-group.eu\/\"},{\"@type\":\"ListItem\",\"position\":2,\"name\":\"Bezpieczny Pakiet\"}]},{\"@type\":\"WebSite\",\"@id\":\"https:\/\/inter-group.eu\/#website\",\"url\":\"https:\/\/inter-group.eu\/\",\"name\":\"Inter Group\",\"description\":\"\",\"potentialAction\":[{\"@type\":\"SearchAction\",\"target\":{\"@type\":\"EntryPoint\",\"urlTemplate\":\"https:\/\/inter-group.eu\/?s={search_term_string}\"},\"query-input\":{\"@type\":\"PropertyValueSpecification\",\"valueRequired\":true,\"valueName\":\"search_term_string\"}}],\"inLanguage\":\"en-US\"}]}<\/script>\n<!-- \/ Yoast SEO plugin. -->","yoast_head_json":{"title":"Bezpieczny Pakiet - Inter Group","robots":{"index":"index","follow":"follow","max-snippet":"max-snippet:-1","max-image-preview":"max-image-preview:large","max-video-preview":"max-video-preview:-1"},"canonical":"https:\/\/inter-group.eu\/en\/bezpieczny-pakiet\/","og_locale":"en_US","og_type":"article","og_title":"Bezpieczny Pakiet - Inter Group","og_description":"Pilniki Aba Group pakowane w \u201eBezpieczny Pakiet\u201d to pewno\u015b\u0107, \u017ce podczas stylizacji zachowane zosta\u0142y najwy\u017csze standardy bezpiecze\u0144stwa i higieny, a pilnik nie zosta\u0142 wcze\u015bniej wykorzystany. Dzi\u0119ki kampani promuj\u0105cej takie rozwi\u0105zanie, u\u015bwiadamiamy zar\u00f3wno stylistki paznokci jak i ich klientki, \u017ce pilnik jest narz\u0119dziem jednorazowym. Jako pierwsi na rynku wprowadzili\u015bmy pilnik pakowany w folie, kt\u00f3ry cieszy si\u0119 [&hellip;]","og_url":"https:\/\/inter-group.eu\/en\/bezpieczny-pakiet\/","og_site_name":"Inter Group","article_modified_time":"2023-04-14T11:28:17+00:00","og_image":[{"url":"http:\/\/inter-group.eu\/wp-content\/uploads\/2023\/04\/BP.png"}],"twitter_card":"summary_large_image","twitter_misc":{"Est. reading time":"3 minutes"},"schema":{"@context":"https:\/\/schema.org","@graph":[{"@type":"WebPage","@id":"https:\/\/inter-group.eu\/bezpieczny-pakiet\/","url":"https:\/\/inter-group.eu\/bezpieczny-pakiet\/","name":"Bezpieczny Pakiet - Inter Group","isPartOf":{"@id":"https:\/\/inter-group.eu\/#website"},"primaryImageOfPage":{"@id":"https:\/\/inter-group.eu\/bezpieczny-pakiet\/#primaryimage"},"image":{"@id":"https:\/\/inter-group.eu\/bezpieczny-pakiet\/#primaryimage"},"thumbnailUrl":"http:\/\/inter-group.eu\/wp-content\/uploads\/2023\/04\/BP.png","datePublished":"2023-04-14T08:27:59+00:00","dateModified":"2023-04-14T11:28:17+00:00","breadcrumb":{"@id":"https:\/\/inter-group.eu\/bezpieczny-pakiet\/#breadcrumb"},"inLanguage":"en-US","potentialAction":[{"@type":"ReadAction","target":["https:\/\/inter-group.eu\/bezpieczny-pakiet\/"]}]},{"@type":"ImageObject","inLanguage":"en-US","@id":"https:\/\/inter-group.eu\/bezpieczny-pakiet\/#primaryimage","url":"http:\/\/inter-group.eu\/wp-content\/uploads\/2023\/04\/BP.png","contentUrl":"http:\/\/inter-group.eu\/wp-content\/uploads\/2023\/04\/BP.png"},{"@type":"BreadcrumbList","@id":"https:\/\/inter-group.eu\/bezpieczny-pakiet\/#breadcrumb","itemListElement":[{"@type":"ListItem","position":1,"name":"Strona g\u0142\u00f3wna","item":"https:\/\/inter-group.eu\/"},{"@type":"ListItem","position":2,"name":"Bezpieczny Pakiet"}]},{"@type":"WebSite","@id":"https:\/\/inter-group.eu\/#website","url":"https:\/\/inter-group.eu\/","name":"Inter Group","description":"","potentialAction":[{"@type":"SearchAction","target":{"@type":"EntryPoint","urlTemplate":"https:\/\/inter-group.eu\/?s={search_term_string}"},"query-input":{"@type":"PropertyValueSpecification","valueRequired":true,"valueName":"search_term_string"}}],"inLanguage":"en-US"}]}},"_links":{"self":[{"href":"http:\/\/inter-group.eu\/en\/wp-json\/wp\/v2\/pages\/393","targetHints":{"allow":["GET"]}}],"collection":[{"href":"http:\/\/inter-group.eu\/en\/wp-json\/wp\/v2\/pages"}],"about":[{"href":"http:\/\/inter-group.eu\/en\/wp-json\/wp\/v2\/types\/page"}],"author":[{"embeddable":true,"href":"http:\/\/inter-group.eu\/en\/wp-json\/wp\/v2\/users\/2"}],"replies":[{"embeddable":true,"href":"http:\/\/inter-group.eu\/en\/wp-json\/wp\/v2\/comments?post=393"}],"version-history":[{"count":16,"href":"http:\/\/inter-group.eu\/en\/wp-json\/wp\/v2\/pages\/393\/revisions"}],"predecessor-version":[{"id":444,"href":"http:\/\/inter-group.eu\/en\/wp-json\/wp\/v2\/pages\/393\/revisions\/444"}],"wp:attachment":[{"href":"http:\/\/inter-group.eu\/en\/wp-json\/wp\/v2\/media?parent=393"}],"curies":[{"name":"wp","href":"https:\/\/api.w.org\/{rel}","templated":true}]}}